{"id":6801,"date":"2026-03-08T14:38:36","date_gmt":"2026-03-08T13:38:36","guid":{"rendered":"https:\/\/yannsfood.com\/om\/"},"modified":"2026-03-15T20:12:29","modified_gmt":"2026-03-15T19:12:29","slug":"om","status":"publish","type":"page","link":"https:\/\/yannsfood.com\/sv\/om\/","title":{"rendered":"Om"},"content":{"rendered":"<div class=\"wp-block-image\">\n<figure class=\"alignright size-medium\"><img decoding=\"async\" width=\"200\" height=\"300\" src=\"https:\/\/yannsfood.com\/wp-content\/uploads\/2021\/09\/headshot-200x300.png\" alt=\"Yann A. Skaalen\" class=\"wp-image-3107\"\/><\/figure>\n<\/div>\n<h1 class=\"wp-block-heading\">Jag heter Yann och den h\u00e4r bloggen \u00e4r ett hobbyprojekt jag har!<\/h1>\n\n<h2 class=\"wp-block-heading\">V\u00e4lkommen till mitt k\u00f6k!<\/h2>\n\n<p>Jag heter Yann Skaalen, och till vardags \u00e4r jag grundare och VD f\u00f6r <a href=\"https:\/\/digtective.com\">Digtective<\/a>. N\u00e4r jag inte h\u00e5ller p\u00e5 med det hittar du mig i k\u00f6ket \u2013 eller framf\u00f6r ett glas vin. <\/p>\n\n<p>Vinet fick tidigt en s\u00e4rskild plats i mitt liv. Jag har varit medlem i Munsk\u00e4nkarna \u2013 det svenska vins\u00e4llskapet \u2013 i \u00f6ver 10 \u00e5r, och har smakat och betygsatt n\u00e4stan 2 000 viner p\u00e5 <a href=\"https:\/\/www.vivino.com\/users\/yann.sk\/wines\">Vivino<\/a>. Det har gett mig ett brett perspektiv p\u00e5 vad som fungerar i glasset, och inte minst vad som fungerar p\u00e5 tallriken bredvid.  <\/p>\n\n<p>Bloggen \u00e4r inte ett fackblad eller en restaurangrecension \u2013 det \u00e4r recepten jag faktiskt lagar hemma. N\u00e5gra \u00e4r enkla vardagsr\u00e4tter, andra \u00e4r mer f\u00f6rfinade f\u00f6r de g\u00e5ngerna du vill imponera lite extra. Jag \u00e4r s\u00e4rskilt f\u00f6rtjust i skaldjur, pasta och allt som smakar b\u00e4ttre med r\u00e4tt vin till.  <\/p>\n\n<p>Hoppas du hittar n\u00e5got som faller dig i smaken! F\u00f6lj bloggen h\u00e4r: <\/p>\n\n<ul class=\"wp-block-social-links is-layout-flex wp-block-social-links-is-layout-flex\"><li class=\"wp-social-link wp-social-link-instagram  wp-block-social-link\"><a rel=\"noopener nofollow\" target=\"_blank\" href=\"https:\/\/www.instagram.com\/yannsfood\/\" class=\"wp-block-social-link-anchor\"><svg width=\"24\" height=\"24\" viewBox=\"0 0 24 24\" version=\"1.1\" xmlns=\"http:\/\/www.w3.org\/2000\/svg\" aria-hidden=\"true\" focusable=\"false\"><path d=\"M12,4.622c2.403,0,2.688,0.009,3.637,0.052c0.877,0.04,1.354,0.187,1.671,0.31c0.42,0.163,0.72,0.358,1.035,0.673 c0.315,0.315,0.51,0.615,0.673,1.035c0.123,0.317,0.27,0.794,0.31,1.671c0.043,0.949,0.052,1.234,0.052,3.637 s-0.009,2.688-0.052,3.637c-0.04,0.877-0.187,1.354-0.31,1.671c-0.163,0.42-0.358,0.72-0.673,1.035 c-0.315,0.315-0.615,0.51-1.035,0.673c-0.317,0.123-0.794,0.27-1.671,0.31c-0.949,0.043-1.233,0.052-3.637,0.052 s-2.688-0.009-3.637-0.052c-0.877-0.04-1.354-0.187-1.671-0.31c-0.42-0.163-0.72-0.358-1.035-0.673 c-0.315-0.315-0.51-0.615-0.673-1.035c-0.123-0.317-0.27-0.794-0.31-1.671C4.631,14.688,4.622,14.403,4.622,12 s0.009-2.688,0.052-3.637c0.04-0.877,0.187-1.354,0.31-1.671c0.163-0.42,0.358-0.72,0.673-1.035 c0.315-0.315,0.615-0.51,1.035-0.673c0.317-0.123,0.794-0.27,1.671-0.31C9.312,4.631,9.597,4.622,12,4.622 M12,3 C9.556,3,9.249,3.01,8.289,3.054C7.331,3.098,6.677,3.25,6.105,3.472C5.513,3.702,5.011,4.01,4.511,4.511 c-0.5,0.5-0.808,1.002-1.038,1.594C3.25,6.677,3.098,7.331,3.054,8.289C3.01,9.249,3,9.556,3,12c0,2.444,0.01,2.751,0.054,3.711 c0.044,0.958,0.196,1.612,0.418,2.185c0.23,0.592,0.538,1.094,1.038,1.594c0.5,0.5,1.002,0.808,1.594,1.038 c0.572,0.222,1.227,0.375,2.185,0.418C9.249,20.99,9.556,21,12,21s2.751-0.01,3.711-0.054c0.958-0.044,1.612-0.196,2.185-0.418 c0.592-0.23,1.094-0.538,1.594-1.038c0.5-0.5,0.808-1.002,1.038-1.594c0.222-0.572,0.375-1.227,0.418-2.185 C20.99,14.751,21,14.444,21,12s-0.01-2.751-0.054-3.711c-0.044-0.958-0.196-1.612-0.418-2.185c-0.23-0.592-0.538-1.094-1.038-1.594 c-0.5-0.5-1.002-0.808-1.594-1.038c-0.572-0.222-1.227-0.375-2.185-0.418C14.751,3.01,14.444,3,12,3L12,3z M12,7.378 c-2.552,0-4.622,2.069-4.622,4.622S9.448,16.622,12,16.622s4.622-2.069,4.622-4.622S14.552,7.378,12,7.378z M12,15 c-1.657,0-3-1.343-3-3s1.343-3,3-3s3,1.343,3,3S13.657,15,12,15z M16.804,6.116c-0.596,0-1.08,0.484-1.08,1.08 s0.484,1.08,1.08,1.08c0.596,0,1.08-0.484,1.08-1.08S17.401,6.116,16.804,6.116z\"><\/path><\/svg><span class=\"wp-block-social-link-label screen-reader-text\">Instagram<\/span><\/a><\/li>\n\n<li class=\"wp-social-link wp-social-link-facebook  wp-block-social-link\"><a rel=\"noopener nofollow\" target=\"_blank\" href=\"https:\/\/www.facebook.com\/yannfood\" class=\"wp-block-social-link-anchor\"><svg width=\"24\" height=\"24\" viewBox=\"0 0 24 24\" version=\"1.1\" xmlns=\"http:\/\/www.w3.org\/2000\/svg\" aria-hidden=\"true\" focusable=\"false\"><path d=\"M12 2C6.5 2 2 6.5 2 12c0 5 3.7 9.1 8.4 9.9v-7H7.9V12h2.5V9.8c0-2.5 1.5-3.9 3.8-3.9 1.1 0 2.2.2 2.2.2v2.5h-1.3c-1.2 0-1.6.8-1.6 1.6V12h2.8l-.4 2.9h-2.3v7C18.3 21.1 22 17 22 12c0-5.5-4.5-10-10-10z\"><\/path><\/svg><span class=\"wp-block-social-link-label screen-reader-text\">Facebook<\/span><\/a><\/li>\n\n<li class=\"wp-social-link wp-social-link-twitter  wp-block-social-link\"><a rel=\"noopener nofollow\" target=\"_blank\" href=\"https:\/\/twitter.com\/yannsfood\" class=\"wp-block-social-link-anchor\"><svg width=\"24\" height=\"24\" viewBox=\"0 0 24 24\" version=\"1.1\" xmlns=\"http:\/\/www.w3.org\/2000\/svg\" aria-hidden=\"true\" focusable=\"false\"><path d=\"M22.23,5.924c-0.736,0.326-1.527,0.547-2.357,0.646c0.847-0.508,1.498-1.312,1.804-2.27 c-0.793,0.47-1.671,0.812-2.606,0.996C18.324,4.498,17.257,4,16.077,4c-2.266,0-4.103,1.837-4.103,4.103 c0,0.322,0.036,0.635,0.106,0.935C8.67,8.867,5.647,7.234,3.623,4.751C3.27,5.357,3.067,6.062,3.067,6.814 c0,1.424,0.724,2.679,1.825,3.415c-0.673-0.021-1.305-0.206-1.859-0.513c0,0.017,0,0.034,0,0.052c0,1.988,1.414,3.647,3.292,4.023 c-0.344,0.094-0.707,0.144-1.081,0.144c-0.264,0-0.521-0.026-0.772-0.074c0.522,1.63,2.038,2.816,3.833,2.85 c-1.404,1.1-3.174,1.756-5.096,1.756c-0.331,0-0.658-0.019-0.979-0.057c1.816,1.164,3.973,1.843,6.29,1.843 c7.547,0,11.675-6.252,11.675-11.675c0-0.178-0.004-0.355-0.012-0.531C20.985,7.47,21.68,6.747,22.23,5.924z\"><\/path><\/svg><span class=\"wp-block-social-link-label screen-reader-text\">Twitter<\/span><\/a><\/li>\n\n<li class=\"wp-social-link wp-social-link-pinterest  wp-block-social-link\"><a rel=\"noopener nofollow\" target=\"_blank\" href=\"https:\/\/www.pinterest.se\/yannsfood\/_created\/\" class=\"wp-block-social-link-anchor\"><svg width=\"24\" height=\"24\" viewBox=\"0 0 24 24\" version=\"1.1\" xmlns=\"http:\/\/www.w3.org\/2000\/svg\" aria-hidden=\"true\" focusable=\"false\"><path d=\"M12.289,2C6.617,2,3.606,5.648,3.606,9.622c0,1.846,1.025,4.146,2.666,4.878c0.25,0.111,0.381,0.063,0.439-0.169 c0.044-0.175,0.267-1.029,0.365-1.428c0.032-0.128,0.017-0.237-0.091-0.362C6.445,11.911,6.01,10.75,6.01,9.668 c0-2.777,2.194-5.464,5.933-5.464c3.23,0,5.49,2.108,5.49,5.122c0,3.407-1.794,5.768-4.13,5.768c-1.291,0-2.257-1.021-1.948-2.277 c0.372-1.495,1.089-3.112,1.089-4.191c0-0.967-0.542-1.775-1.663-1.775c-1.319,0-2.379,1.309-2.379,3.059 c0,1.115,0.394,1.869,0.394,1.869s-1.302,5.279-1.54,6.261c-0.405,1.666,0.053,4.368,0.094,4.604 c0.021,0.126,0.167,0.169,0.25,0.063c0.129-0.165,1.699-2.419,2.142-4.051c0.158-0.59,0.817-2.995,0.817-2.995 c0.43,0.784,1.681,1.446,3.013,1.446c3.963,0,6.822-3.494,6.822-7.833C20.394,5.112,16.849,2,12.289,2\"><\/path><\/svg><span class=\"wp-block-social-link-label screen-reader-text\">Pinterest<\/span><\/a><\/li>\n\n<li class=\"wp-social-link wp-social-link-feed  wp-block-social-link\"><a rel=\"noopener nofollow\" target=\"_blank\" href=\"https:\/\/follow.it\/yann-s-food-samling-av-kun-gode-oppskrifter-jeg-lager-og-liker\" class=\"wp-block-social-link-anchor\"><svg width=\"24\" height=\"24\" viewBox=\"0 0 24 24\" version=\"1.1\" xmlns=\"http:\/\/www.w3.org\/2000\/svg\" aria-hidden=\"true\" focusable=\"false\"><path d=\"M2,8.667V12c5.515,0,10,4.485,10,10h3.333C15.333,14.637,9.363,8.667,2,8.667z M2,2v3.333 c9.19,0,16.667,7.477,16.667,16.667H22C22,10.955,13.045,2,2,2z M4.5,17C3.118,17,2,18.12,2,19.5S3.118,22,4.5,22S7,20.88,7,19.5 S5.882,17,4.5,17z\"><\/path><\/svg><span class=\"wp-block-social-link-label screen-reader-text\">RSS-fl\u00f6de<\/span><\/a><\/li><\/ul>\n","protected":false},"excerpt":{"rendered":"<p>Jag heter Yann och den h\u00e4r bloggen \u00e4r ett hobbyprojekt jag har! V\u00e4lkommen till mitt k\u00f6k! Jag heter Yann Skaalen, och till vardags \u00e4r jag grundare och VD f\u00f6r Digtective. &#8230; <\/p>\n<p class=\"read-more-container\"><a title=\"Om\" class=\"read-more button\" href=\"https:\/\/yannsfood.com\/sv\/om\/#more-6801\" aria-label=\"L\u00e4s mer om Om\">L\u00e4s mer<\/a><\/p>\n","protected":false},"author":1,"featured_media":0,"parent":0,"menu_order":0,"comment_status":"closed","ping_status":"closed","template":"","meta":{"content-type":"","wprm-recipe-roundup-name":"","wprm-recipe-roundup-description":"","footnotes":""},"class_list":{"0":"post-6801","1":"page","2":"type-page","3":"status-publish","5":"no-featured-image-padding"},"yoast_head":"<!-- This site is optimized with the Yoast SEO plugin v27.4 - https:\/\/yoast.com\/product\/yoast-seo-wordpress\/ -->\n<title>Om Yann \u2013 Matblogg med recept och middagstips<\/title>\n<meta name=\"description\" content=\"Jag heter Yann och den h\u00e4r bloggen \u00e4r ett hobbyprojekt jag har! Syftet \u00e4r att dela min passion och k\u00e4rlek f\u00f6r mat och vin.\" \/>\n<meta name=\"robots\" content=\"index, follow, max-snippet:-1, max-image-preview:large, max-video-preview:-1\" \/>\n<link rel=\"canonical\" href=\"https:\/\/yannsfood.com\/sv\/om\/\" \/>\n<meta property=\"og:locale\" content=\"sv_SE\" \/>\n<meta property=\"og:type\" content=\"article\" \/>\n<meta property=\"og:title\" content=\"Om Yann \u2013 Matblogg med recept och middagstips\" \/>\n<meta property=\"og:description\" content=\"Jag heter Yann och den h\u00e4r bloggen \u00e4r ett hobbyprojekt jag har! Syftet \u00e4r att dela min passion och k\u00e4rlek f\u00f6r mat och vin.\" \/>\n<meta property=\"og:url\" content=\"https:\/\/yannsfood.com\/sv\/om\/\" \/>\n<meta property=\"og:site_name\" content=\"Yann\u00b4s food\" \/>\n<meta property=\"article:publisher\" content=\"https:\/\/www.facebook.com\/yannfood\/\" \/>\n<meta property=\"article:modified_time\" content=\"2026-03-15T19:12:29+00:00\" \/>\n<meta property=\"og:image\" content=\"https:\/\/yannsfood.com\/wp-content\/uploads\/2021\/09\/headshot-e1632219632696.png\" \/>\n\t<meta property=\"og:image:width\" content=\"150\" \/>\n\t<meta property=\"og:image:height\" content=\"225\" \/>\n\t<meta property=\"og:image:type\" content=\"image\/png\" \/>\n<meta name=\"twitter:card\" content=\"summary_large_image\" \/>\n<meta name=\"twitter:site\" content=\"@yannsfood\" \/>\n<meta name=\"twitter:label1\" content=\"Ber\u00e4knad l\u00e4stid\" \/>\n\t<meta name=\"twitter:data1\" content=\"1 minut\" \/>\n<script type=\"application\/ld+json\" class=\"yoast-schema-graph\">{\"@context\":\"https:\\\/\\\/schema.org\",\"@graph\":[{\"@type\":\"WebPage\",\"@id\":\"https:\\\/\\\/yannsfood.com\\\/sv\\\/om\\\/\",\"url\":\"https:\\\/\\\/yannsfood.com\\\/sv\\\/om\\\/\",\"name\":\"Om Yann \u2013 Matblogg med recept och middagstips\",\"isPartOf\":{\"@id\":\"https:\\\/\\\/yannsfood.com\\\/sv\\\/#website\"},\"primaryImageOfPage\":{\"@id\":\"https:\\\/\\\/yannsfood.com\\\/sv\\\/om\\\/#primaryimage\"},\"image\":{\"@id\":\"https:\\\/\\\/yannsfood.com\\\/sv\\\/om\\\/#primaryimage\"},\"thumbnailUrl\":\"https:\\\/\\\/yannsfood.com\\\/wp-content\\\/uploads\\\/2021\\\/09\\\/headshot-200x300.png\",\"datePublished\":\"2026-03-08T13:38:36+00:00\",\"dateModified\":\"2026-03-15T19:12:29+00:00\",\"description\":\"Jag heter Yann och den h\u00e4r bloggen \u00e4r ett hobbyprojekt jag har! Syftet \u00e4r att dela min passion och k\u00e4rlek f\u00f6r mat och vin.\",\"breadcrumb\":{\"@id\":\"https:\\\/\\\/yannsfood.com\\\/sv\\\/om\\\/#breadcrumb\"},\"inLanguage\":\"sv-SE\",\"potentialAction\":[{\"@type\":\"ReadAction\",\"target\":[\"https:\\\/\\\/yannsfood.com\\\/sv\\\/om\\\/\"]}]},{\"@type\":\"ImageObject\",\"inLanguage\":\"sv-SE\",\"@id\":\"https:\\\/\\\/yannsfood.com\\\/sv\\\/om\\\/#primaryimage\",\"url\":\"https:\\\/\\\/yannsfood.com\\\/wp-content\\\/uploads\\\/2021\\\/09\\\/headshot-200x300.png\",\"contentUrl\":\"https:\\\/\\\/yannsfood.com\\\/wp-content\\\/uploads\\\/2021\\\/09\\\/headshot-200x300.png\"},{\"@type\":\"BreadcrumbList\",\"@id\":\"https:\\\/\\\/yannsfood.com\\\/sv\\\/om\\\/#breadcrumb\",\"itemListElement\":[{\"@type\":\"ListItem\",\"position\":1,\"name\":\"Home\",\"item\":\"https:\\\/\\\/yannsfood.com\\\/sv\\\/\"},{\"@type\":\"ListItem\",\"position\":2,\"name\":\"Om\"}]},{\"@type\":\"WebSite\",\"@id\":\"https:\\\/\\\/yannsfood.com\\\/sv\\\/#website\",\"url\":\"https:\\\/\\\/yannsfood.com\\\/sv\\\/\",\"name\":\"Yann\u00b4s food\",\"description\":\"Recept fr\u00e5n mitt k\u00f6k \u2013 och vin som passar till\",\"publisher\":{\"@id\":\"https:\\\/\\\/yannsfood.com\\\/sv\\\/#\\\/schema\\\/person\\\/3810ff5af1ca58ebe8c09230c8c0361d\"},\"potentialAction\":[{\"@type\":\"SearchAction\",\"target\":{\"@type\":\"EntryPoint\",\"urlTemplate\":\"https:\\\/\\\/yannsfood.com\\\/sv\\\/?s={search_term_string}\"},\"query-input\":{\"@type\":\"PropertyValueSpecification\",\"valueRequired\":true,\"valueName\":\"search_term_string\"}}],\"inLanguage\":\"sv-SE\"},{\"@type\":[\"Person\",\"Organization\"],\"@id\":\"https:\\\/\\\/yannsfood.com\\\/sv\\\/#\\\/schema\\\/person\\\/3810ff5af1ca58ebe8c09230c8c0361d\",\"name\":\"Yann A. Skaalen\",\"image\":{\"@type\":\"ImageObject\",\"inLanguage\":\"sv-SE\",\"@id\":\"https:\\\/\\\/yannsfood.com\\\/wp-content\\\/uploads\\\/2021\\\/09\\\/headshot200x300.png\",\"url\":\"https:\\\/\\\/yannsfood.com\\\/wp-content\\\/uploads\\\/2021\\\/09\\\/headshot200x300.png\",\"contentUrl\":\"https:\\\/\\\/yannsfood.com\\\/wp-content\\\/uploads\\\/2021\\\/09\\\/headshot200x300.png\",\"width\":200,\"height\":300,\"caption\":\"Yann A. Skaalen\"},\"logo\":{\"@id\":\"https:\\\/\\\/yannsfood.com\\\/wp-content\\\/uploads\\\/2021\\\/09\\\/headshot200x300.png\"},\"description\":\"Jeg er Yann A. Skaalen \u2013 norsk-svensk gr\u00fcnder med en seri\u00f8s forkj\u00e6rlighet for mat og vin. Til daglig driver jeg Digtective (https:\\\/\\\/digtective.com), men i kj\u00f8kkenet er det smak, teknikk og gode r\u00e5varer som gjelder. Her deler jeg oppskrifter jeg faktisk lager hjemme, og vinene som gj\u00f8r dem bedre. F\u00f8lg med p\u00e5 LinkedIn (https:\\\/\\\/www.linkedin.com\\\/in\\\/skaalen\\\/).\",\"sameAs\":[\"https:\\\/\\\/yannsfood.com\",\"https:\\\/\\\/www.facebook.com\\\/yannfood\\\/\",\"https:\\\/\\\/www.instagram.com\\\/yannsfood\\\/\",\"https:\\\/\\\/www.linkedin.com\\\/in\\\/skaalen\\\/\",\"https:\\\/\\\/www.pinterest.se\\\/yannsfood\\\/\",\"https:\\\/\\\/x.com\\\/yannsfood\"]}]}<\/script>\n<!-- \/ Yoast SEO plugin. -->","yoast_head_json":{"title":"Om Yann \u2013 Matblogg med recept och middagstips","description":"Jag heter Yann och den h\u00e4r bloggen \u00e4r ett hobbyprojekt jag har! Syftet \u00e4r att dela min passion och k\u00e4rlek f\u00f6r mat och vin.","robots":{"index":"index","follow":"follow","max-snippet":"max-snippet:-1","max-image-preview":"max-image-preview:large","max-video-preview":"max-video-preview:-1"},"canonical":"https:\/\/yannsfood.com\/sv\/om\/","og_locale":"sv_SE","og_type":"article","og_title":"Om Yann \u2013 Matblogg med recept och middagstips","og_description":"Jag heter Yann och den h\u00e4r bloggen \u00e4r ett hobbyprojekt jag har! Syftet \u00e4r att dela min passion och k\u00e4rlek f\u00f6r mat och vin.","og_url":"https:\/\/yannsfood.com\/sv\/om\/","og_site_name":"Yann\u00b4s food","article_publisher":"https:\/\/www.facebook.com\/yannfood\/","article_modified_time":"2026-03-15T19:12:29+00:00","og_image":[{"width":150,"height":225,"url":"https:\/\/yannsfood.com\/wp-content\/uploads\/2021\/09\/headshot-e1632219632696.png","type":"image\/png"}],"twitter_card":"summary_large_image","twitter_site":"@yannsfood","twitter_misc":{"Ber\u00e4knad l\u00e4stid":"1 minut"},"schema":{"@context":"https:\/\/schema.org","@graph":[{"@type":"WebPage","@id":"https:\/\/yannsfood.com\/sv\/om\/","url":"https:\/\/yannsfood.com\/sv\/om\/","name":"Om Yann \u2013 Matblogg med recept och middagstips","isPartOf":{"@id":"https:\/\/yannsfood.com\/sv\/#website"},"primaryImageOfPage":{"@id":"https:\/\/yannsfood.com\/sv\/om\/#primaryimage"},"image":{"@id":"https:\/\/yannsfood.com\/sv\/om\/#primaryimage"},"thumbnailUrl":"https:\/\/yannsfood.com\/wp-content\/uploads\/2021\/09\/headshot-200x300.png","datePublished":"2026-03-08T13:38:36+00:00","dateModified":"2026-03-15T19:12:29+00:00","description":"Jag heter Yann och den h\u00e4r bloggen \u00e4r ett hobbyprojekt jag har! Syftet \u00e4r att dela min passion och k\u00e4rlek f\u00f6r mat och vin.","breadcrumb":{"@id":"https:\/\/yannsfood.com\/sv\/om\/#breadcrumb"},"inLanguage":"sv-SE","potentialAction":[{"@type":"ReadAction","target":["https:\/\/yannsfood.com\/sv\/om\/"]}]},{"@type":"ImageObject","inLanguage":"sv-SE","@id":"https:\/\/yannsfood.com\/sv\/om\/#primaryimage","url":"https:\/\/yannsfood.com\/wp-content\/uploads\/2021\/09\/headshot-200x300.png","contentUrl":"https:\/\/yannsfood.com\/wp-content\/uploads\/2021\/09\/headshot-200x300.png"},{"@type":"BreadcrumbList","@id":"https:\/\/yannsfood.com\/sv\/om\/#breadcrumb","itemListElement":[{"@type":"ListItem","position":1,"name":"Home","item":"https:\/\/yannsfood.com\/sv\/"},{"@type":"ListItem","position":2,"name":"Om"}]},{"@type":"WebSite","@id":"https:\/\/yannsfood.com\/sv\/#website","url":"https:\/\/yannsfood.com\/sv\/","name":"Yann\u00b4s food","description":"Recept fr\u00e5n mitt k\u00f6k \u2013 och vin som passar till","publisher":{"@id":"https:\/\/yannsfood.com\/sv\/#\/schema\/person\/3810ff5af1ca58ebe8c09230c8c0361d"},"potentialAction":[{"@type":"SearchAction","target":{"@type":"EntryPoint","urlTemplate":"https:\/\/yannsfood.com\/sv\/?s={search_term_string}"},"query-input":{"@type":"PropertyValueSpecification","valueRequired":true,"valueName":"search_term_string"}}],"inLanguage":"sv-SE"},{"@type":["Person","Organization"],"@id":"https:\/\/yannsfood.com\/sv\/#\/schema\/person\/3810ff5af1ca58ebe8c09230c8c0361d","name":"Yann A. Skaalen","image":{"@type":"ImageObject","inLanguage":"sv-SE","@id":"https:\/\/yannsfood.com\/wp-content\/uploads\/2021\/09\/headshot200x300.png","url":"https:\/\/yannsfood.com\/wp-content\/uploads\/2021\/09\/headshot200x300.png","contentUrl":"https:\/\/yannsfood.com\/wp-content\/uploads\/2021\/09\/headshot200x300.png","width":200,"height":300,"caption":"Yann A. Skaalen"},"logo":{"@id":"https:\/\/yannsfood.com\/wp-content\/uploads\/2021\/09\/headshot200x300.png"},"description":"Jeg er Yann A. Skaalen \u2013 norsk-svensk gr\u00fcnder med en seri\u00f8s forkj\u00e6rlighet for mat og vin. Til daglig driver jeg Digtective (https:\/\/digtective.com), men i kj\u00f8kkenet er det smak, teknikk og gode r\u00e5varer som gjelder. Her deler jeg oppskrifter jeg faktisk lager hjemme, og vinene som gj\u00f8r dem bedre. F\u00f8lg med p\u00e5 LinkedIn (https:\/\/www.linkedin.com\/in\/skaalen\/).","sameAs":["https:\/\/yannsfood.com","https:\/\/www.facebook.com\/yannfood\/","https:\/\/www.instagram.com\/yannsfood\/","https:\/\/www.linkedin.com\/in\/skaalen\/","https:\/\/www.pinterest.se\/yannsfood\/","https:\/\/x.com\/yannsfood"]}]}},"_links":{"self":[{"href":"https:\/\/yannsfood.com\/sv\/wp-json\/wp\/v2\/pages\/6801","targetHints":{"allow":["GET"]}}],"collection":[{"href":"https:\/\/yannsfood.com\/sv\/wp-json\/wp\/v2\/pages"}],"about":[{"href":"https:\/\/yannsfood.com\/sv\/wp-json\/wp\/v2\/types\/page"}],"author":[{"embeddable":true,"href":"https:\/\/yannsfood.com\/sv\/wp-json\/wp\/v2\/users\/1"}],"replies":[{"embeddable":true,"href":"https:\/\/yannsfood.com\/sv\/wp-json\/wp\/v2\/comments?post=6801"}],"version-history":[{"count":0,"href":"https:\/\/yannsfood.com\/sv\/wp-json\/wp\/v2\/pages\/6801\/revisions"}],"wp:attachment":[{"href":"https:\/\/yannsfood.com\/sv\/wp-json\/wp\/v2\/media?parent=6801"}],"curies":[{"name":"wp","href":"https:\/\/api.w.org\/{rel}","templated":true}]}}